{"id":42,"date":"2024-10-27T19:38:42","date_gmt":"2024-10-27T19:38:42","guid":{"rendered":"https:\/\/test.efsalingsas.com\/?page_id=42"},"modified":"2025-03-29T23:46:40","modified_gmt":"2025-03-29T22:46:40","slug":"kontakt","status":"publish","type":"page","link":"https:\/\/test.efsalingsas.com\/index.php\/om-oss\/kontakt\/","title":{"rendered":"Kontakt"},"content":{"rendered":"\n<h2 class=\"wp-block-heading\">H\u00e4r finns vi<\/h2>\n\n\n\n<iframe src=\"https:\/\/www.google.com\/maps\/embed?pb=!1m18!1m12!1m3!1d4236.623912780992!2d12.529012077981344!3d57.93172597396797!2m3!1f0!2f0!3f0!3m2!1i1024!2i768!4f13.1!3m3!1m2!1s0x4645527e1fb04b37%3A0x328158368e2524d4!2sEFS%20Kyrkan%20Alings%C3%A5s!5e0!3m2!1ssv!2sus!4v1730060126563!5m2!1ssv!2sus\" width=\"100%\" height=\"600\" style=\"border:0;\" allowfullscreen=\"\" loading=\"lazy\" referrerpolicy=\"no-referrer-when-downgrade\"><\/iframe>\n\n\n\n<h2 class=\"wp-block-heading\">Adress<\/h2>\n\n\n\n<div class=\"wp-block-columns is-layout-flex wp-container-core-columns-is-layout-1 wp-block-columns-is-layout-flex\">\n<div class=\"wp-block-column is-layout-flow wp-block-column-is-layout-flow\">\n<div class=\"wp-block-group has-global-padding is-layout-constrained wp-block-group-is-layout-constrained\">\n<h3 class=\"wp-block-heading\">Bes\u00f6ksadress<\/h3>\n\n\n\n<p>EFS-kyrkan<br>V\u00e4stra Kyrkogatan 8<br>441 30, Alings\u00e5s<\/p>\n<\/div>\n<\/div>\n\n\n\n<div class=\"wp-block-column is-layout-flow wp-block-column-is-layout-flow\">\n<div class=\"wp-block-group has-global-padding is-layout-constrained wp-block-group-is-layout-constrained\">\n<h3 class=\"wp-block-heading\">Postadress<\/h3>\n\n\n\n<p>EFS-kyrkan Alings\u00e5s<br>c\/o Tomas N\u00e4tterlund<br>Enehagsgatan 150<br>441 57, Alings\u00e5s\u200b\u200b<\/p>\n<\/div>\n<\/div>\n\n\n\n<div class=\"wp-block-column is-layout-flow wp-block-column-is-layout-flow\">\n<div class=\"wp-block-group has-global-padding is-layout-constrained wp-block-group-is-layout-constrained\">\n<h3 class=\"wp-block-heading\">\u200bmail<\/h3>\n\n\n\n<p><a href=\"mailto:info@efsalingsas.com\">info@efsalingsas.com<\/a><\/p>\n<\/div>\n<\/div>\n<\/div>\n\n\n\n<h2 class=\"wp-block-heading\">Kontaktpersoner<\/h2>\n\n\n\n<div class=\"wp-block-columns is-layout-flex wp-container-core-columns-is-layout-2 wp-block-columns-is-layout-flex\">\n<div class=\"wp-block-column is-layout-flow wp-block-column-is-layout-flow\">\n<div class=\"wp-block-group has-global-padding is-layout-constrained wp-block-group-is-layout-constrained\">\n<h4 class=\"wp-block-heading\">Pastor<\/h4>\n\n\n\n<figure class=\"wp-block-image\"><img decoding=\"async\" src=\"https:\/\/static.wixstatic.com\/media\/7d4dea_7c7a3146ba98417aabc672e7448c0ff0~mv2.jpeg\/v1\/fill\/w_255,h_330,al_c,q_80,usm_0.66_1.00_0.01,enc_auto\/7d4dea_7c7a3146ba98417aabc672e7448c0ff0~mv2.jpeg\" alt=\"\"\/><\/figure>\n\n\n\n<p>Lars Gunnar &#8221;Lasse&#8221; Pahlm<\/p>\n<\/div>\n<\/div>\n\n\n\n<div class=\"wp-block-column is-layout-flow wp-block-column-is-layout-flow\">\n<div class=\"wp-block-group has-global-padding is-layout-constrained wp-block-group-is-layout-constrained\">\n<h4 class=\"wp-block-heading\">Ordf\u00f6rande<\/h4>\n\n\n\n<figure class=\"wp-block-image\"><img decoding=\"async\" src=\"https:\/\/static.wixstatic.com\/media\/7d4dea_0b73f62441024334892ef1bddcd81eb8~mv2.jpeg\/v1\/fill\/w_255,h_330,al_c,q_80,usm_0.66_1.00_0.01,enc_auto\/7d4dea_0b73f62441024334892ef1bddcd81eb8~mv2.jpeg\" alt=\"\"\/><\/figure>\n\n\n\n<p>G\u00f6ran F\u00e4lthammar<\/p>\n<\/div>\n<\/div>\n\n\n\n<div class=\"wp-block-column is-layout-flow wp-block-column-is-layout-flow\">\n<div class=\"wp-block-group has-global-padding is-layout-constrained wp-block-group-is-layout-constrained\">\n<h4 class=\"wp-block-heading\">Kass\u00f6r<\/h4>\n\n\n\n<figure class=\"wp-block-image\"><img decoding=\"async\" src=\"https:\/\/static.wixstatic.com\/media\/7d4dea_ac2fea63df0f4e569d7fd1aaf510115a~mv2.jpeg\/v1\/fill\/w_255,h_330,al_c,q_80,usm_0.66_1.00_0.01,enc_auto\/7d4dea_ac2fea63df0f4e569d7fd1aaf510115a~mv2.jpeg\" alt=\"\"\/><\/figure>\n\n\n\n<p>Tomas N\u00e4tterlund<\/p>\n<\/div>\n<\/div>\n<\/div>\n\n\n\n<p><\/p>\n","protected":false},"excerpt":{"rendered":"<p>H\u00e4r finns vi Adress Bes\u00f6ksadress EFS-kyrkanV\u00e4stra Kyrkogatan 8441 30, Alings\u00e5s Postadress EFS-kyrkan Alings\u00e5sc\/o Tomas N\u00e4tterlundEnehagsgatan 150441 57, Alings\u00e5s\u200b\u200b \u200bmail info@efsalingsas.com Kontaktpersoner Pastor Lars Gunnar &#8221;Lasse&#8221; Pahlm Ordf\u00f6rande G\u00f6ran F\u00e4lthammar Kass\u00f6r Tomas N\u00e4tterlund<\/p>\n","protected":false},"author":1,"featured_media":0,"parent":39,"menu_order":0,"comment_status":"closed","ping_status":"closed","template":"","meta":{"footnotes":""},"class_list":["post-42","page","type-page","status-publish","hentry"],"_links":{"self":[{"href":"https:\/\/test.efsalingsas.com\/index.php\/wp-json\/wp\/v2\/pages\/42","targetHints":{"allow":["GET"]}}],"collection":[{"href":"https:\/\/test.efsalingsas.com\/index.php\/wp-json\/wp\/v2\/pages"}],"about":[{"href":"https:\/\/test.efsalingsas.com\/index.php\/wp-json\/wp\/v2\/types\/page"}],"author":[{"embeddable":true,"href":"https:\/\/test.efsalingsas.com\/index.php\/wp-json\/wp\/v2\/users\/1"}],"replies":[{"embeddable":true,"href":"https:\/\/test.efsalingsas.com\/index.php\/wp-json\/wp\/v2\/comments?post=42"}],"version-history":[{"count":4,"href":"https:\/\/test.efsalingsas.com\/index.php\/wp-json\/wp\/v2\/pages\/42\/revisions"}],"predecessor-version":[{"id":253,"href":"https:\/\/test.efsalingsas.com\/index.php\/wp-json\/wp\/v2\/pages\/42\/revisions\/253"}],"up":[{"embeddable":true,"href":"https:\/\/test.efsalingsas.com\/index.php\/wp-json\/wp\/v2\/pages\/39"}],"wp:attachment":[{"href":"https:\/\/test.efsalingsas.com\/index.php\/wp-json\/wp\/v2\/media?parent=42"}],"curies":[{"name":"wp","href":"https:\/\/api.w.org\/{rel}","templated":true}]}}