{"id":41,"date":"2024-10-13T15:12:55","date_gmt":"2024-10-13T15:12:55","guid":{"rendered":"https:\/\/test.efsalingsas.com\/?page_id=41"},"modified":"2025-03-29T23:04:54","modified_gmt":"2025-03-29T22:04:54","slug":"live","status":"publish","type":"page","link":"https:\/\/test.efsalingsas.com\/index.php\/media\/live\/","title":{"rendered":"Live"},"content":{"rendered":"\n<main id=\"live\" class=\"wp-block-group is-layout-flow wp-block-group-is-layout-flow\" style=\"margin-top:0px;margin-bottom:0px;padding-top:3rem;padding-right:var(--wp--preset--spacing--50);padding-bottom:3rem;padding-left:var(--wp--preset--spacing--50)\">\n<div class=\"wp-block-media-text has-media-on-the-right is-stacked-on-mobile is-vertically-aligned-center\"><div class=\"wp-block-media-text__content\">\n<h1 class=\"wp-block-heading has-text-align-center\">Webbradio<\/h1>\n\n\n\n<p class=\"has-text-align-center\">Vi s\u00e4nder v\u00e5ra m\u00f6ten Live via v\u00e5r webbradio. V\u00e4lkommen att lyssna! (Observera att radion endast fungerar fr\u00e5n 09:55 till m\u00f6tet \u00e4r slut!)<\/p>\n\n\n\n<figure class=\"wp-block-audio\"><audio controls src=\"http:\/\/efsalingsas.ddns.net:9000\/efspredikan\"><\/audio><figcaption class=\"wp-element-caption\">EFS-kyrkan Alings\u00e5s Webbradio<\/figcaption><\/figure>\n\n\n\n<div class=\"wp-block-buttons is-layout-flex wp-block-buttons-is-layout-flex\"><\/div>\n<\/div><figure class=\"wp-block-media-text__media\"><img loading=\"lazy\" decoding=\"async\" width=\"1024\" height=\"683\" src=\"https:\/\/test.efsalingsas.com\/wp-content\/uploads\/2024\/10\/EFS_Old_Radio-1024x683.jpeg\" alt=\"\" class=\"wp-image-64 size-full\" srcset=\"https:\/\/test.efsalingsas.com\/wp-content\/uploads\/2024\/10\/EFS_Old_Radio-1024x683.jpeg 1024w, https:\/\/test.efsalingsas.com\/wp-content\/uploads\/2024\/10\/EFS_Old_Radio-300x200.jpeg 300w, https:\/\/test.efsalingsas.com\/wp-content\/uploads\/2024\/10\/EFS_Old_Radio-768x512.jpeg 768w, https:\/\/test.efsalingsas.com\/wp-content\/uploads\/2024\/10\/EFS_Old_Radio-1536x1024.jpeg 1536w, https:\/\/test.efsalingsas.com\/wp-content\/uploads\/2024\/10\/EFS_Old_Radio.jpeg 2048w\" sizes=\"auto, (max-width: 1024px) 100vw, 1024px\" \/><\/figure><\/div>\n\n\n\n<div class=\"wp-block-media-text has-media-on-the-right is-stacked-on-mobile\"><div class=\"wp-block-media-text__content\">\n<h1 class=\"wp-block-heading has-text-align-center\">Youtube &#8211; Live<\/h1>\n\n\n\n<p>Vi s\u00e4nder de flesta av v\u00e5ra Gudstj\u00e4nster och m\u00f6tesserier via Youtube. V\u00e4lkommen att titta live via v\u00e5r Youtube kanal de g\u00e5nger vi s\u00e4nder d\u00e4r.<\/p>\n\n\n\n<figure class=\"wp-block-embed is-type-video is-provider-youtube wp-block-embed-youtube wp-embed-aspect-16-9 wp-has-aspect-ratio\"><div class=\"wp-block-embed__wrapper\">\n<iframe loading=\"lazy\" title=\"2024-09-29  Predikan: Holger Nilsson  Lovs\u00e5ng: Kerstin Karlsson\" width=\"500\" height=\"281\" src=\"https:\/\/www.youtube.com\/embed\/0-qGHmcvt2I?feature=oembed\" frameborder=\"0\" allow=\"accelerometer; autoplay; clipboard-write; encrypted-media; gyroscope; picture-in-picture; web-share\" referrerpolicy=\"strict-origin-when-cross-origin\" allowfullscreen><\/iframe>\n<\/div><figcaption class=\"wp-element-caption\">Senaste lives\u00e4ndningen fr\u00e5n EFS-kyrkan Alings\u00e5s.<\/figcaption><\/figure>\n<\/div><figure class=\"wp-block-media-text__media\"><img loading=\"lazy\" decoding=\"async\" width=\"970\" height=\"646\" src=\"https:\/\/test.efsalingsas.com\/wp-content\/uploads\/2024\/10\/camera-livestream-1.jpeg\" alt=\"\" class=\"wp-image-68 size-full\" srcset=\"https:\/\/test.efsalingsas.com\/wp-content\/uploads\/2024\/10\/camera-livestream-1.jpeg 970w, https:\/\/test.efsalingsas.com\/wp-content\/uploads\/2024\/10\/camera-livestream-1-300x200.jpeg 300w, https:\/\/test.efsalingsas.com\/wp-content\/uploads\/2024\/10\/camera-livestream-1-768x511.jpeg 768w\" sizes=\"auto, (max-width: 970px) 100vw, 970px\" \/><\/figure><\/div>\n<\/main>\n","protected":false},"excerpt":{"rendered":"","protected":false},"author":1,"featured_media":0,"parent":40,"menu_order":0,"comment_status":"closed","ping_status":"closed","template":"","meta":{"footnotes":""},"class_list":["post-41","page","type-page","status-publish","hentry"],"_links":{"self":[{"href":"https:\/\/test.efsalingsas.com\/index.php\/wp-json\/wp\/v2\/pages\/41","targetHints":{"allow":["GET"]}}],"collection":[{"href":"https:\/\/test.efsalingsas.com\/index.php\/wp-json\/wp\/v2\/pages"}],"about":[{"href":"https:\/\/test.efsalingsas.com\/index.php\/wp-json\/wp\/v2\/types\/page"}],"author":[{"embeddable":true,"href":"https:\/\/test.efsalingsas.com\/index.php\/wp-json\/wp\/v2\/users\/1"}],"replies":[{"embeddable":true,"href":"https:\/\/test.efsalingsas.com\/index.php\/wp-json\/wp\/v2\/comments?post=41"}],"version-history":[{"count":2,"href":"https:\/\/test.efsalingsas.com\/index.php\/wp-json\/wp\/v2\/pages\/41\/revisions"}],"predecessor-version":[{"id":111,"href":"https:\/\/test.efsalingsas.com\/index.php\/wp-json\/wp\/v2\/pages\/41\/revisions\/111"}],"up":[{"embeddable":true,"href":"https:\/\/test.efsalingsas.com\/index.php\/wp-json\/wp\/v2\/pages\/40"}],"wp:attachment":[{"href":"https:\/\/test.efsalingsas.com\/index.php\/wp-json\/wp\/v2\/media?parent=41"}],"curies":[{"name":"wp","href":"https:\/\/api.w.org\/{rel}","templated":true}]}}