{"id":39,"date":"2024-10-27T19:38:56","date_gmt":"2024-10-27T19:38:56","guid":{"rendered":"https:\/\/test.efsalingsas.com\/?page_id=39"},"modified":"2024-10-27T20:32:38","modified_gmt":"2024-10-27T20:32:38","slug":"om-oss","status":"publish","type":"page","link":"https:\/\/test.efsalingsas.com\/index.php\/om-oss\/","title":{"rendered":"Om oss"},"content":{"rendered":"\n<p>Vi \u00e4r en f\u00f6rsamling i centrala Alings\u00e5s som l\u00e4gger stor vikt p\u00e5 sund bibell\u00e4ra &amp; varje individs personliga utveckling.&nbsp;Vi st\u00e5r f\u00f6r Bibelns budskap i sin helhet och tror att Gud har inspirerat varje ord i hela Bibeln genom sin Helige Ande. Vi vill \u00e4ven se att v\u00e5ra medlemmar l\u00e4r sig och v\u00e4xer i sina andliga g\u00e5vor &amp; tror att anden \u00e4r fullt verksam \u00e4n idag.<\/p>\n\n\n\n<h2 class=\"wp-block-heading\">Om f\u00f6rsamlingen<\/h2>\n\n\n\n<p>EFS-f\u00f6rsamlingen i Alings\u00e5s grundades redan \u00e5r 1894, namnet blev d\u00e5 Alings\u00e5s Evangelisk Lutherska Missionsf\u00f6rening. Den f\u00f6rsta tiden samlades man i en liten lokal i h\u00f6rnet av Drottninggatan och \u00d6stra Kyrkogatan kallad W\u00e5ngstr\u00f6mska g\u00e5rden. \u00c5r 1904 k\u00f6ptes metodistf\u00f6rsamlingens gamla missionshus p\u00e5 Norra Ringgatan, som ni ser p\u00e5 bilen. K\u00f6pesumman var d\u00e5 1 575 kr. Denna l\u00e5g \u00e4ven p\u00e5 samma plats som den nuvarande kyrkan. \u00c5r 1974 revs det gamla missionshuset och den nya kyrkan invigdes 1975.<\/p>\n\n\n\n<p>\u200b\u00c5r 2009 utf\u00f6rdes en genomgripande renovering av kyrkan.<\/p>\n\n\n\n<figure class=\"wp-block-image\"><img decoding=\"async\" src=\"https:\/\/static.wixstatic.com\/media\/7d4dea_8e5301438eb0453f8b586fd01eb99132~mv2.jpg\/v1\/crop\/x_5,y_0,w_1191,h_1191\/fill\/w_479,h_479,al_c,q_80,usm_0.66_1.00_0.01,enc_auto\/EFS-gamla-missionshus.jpg\" alt=\"EFS-gamla-missionshus.jpg\"\/><\/figure>\n\n\n\n<p>F\u00f6rsamlingen bildades av m\u00e4nniskor som ville h\u00e5lla kyrkans sanna budskap levande och det \u00e4r fortfarande v\u00e5r drivkraft; att visa m\u00e4nniskor vem Jesus Kristus \u00e4r. V\u00e5r f\u00f6rsamling har medlemmar i olika \u00e5ldrar som vill leva ett liv i gemenskap med Gud och varandra och b\u00e4ra ut budskapet om Jesus i ord och handling.<\/p>\n\n\n\n<p>Mer om EFS i Alings\u00e5s historia kan du l\u00e4sa h\u00e4r<\/p>\n\n\n\n<div class=\"wp-block-buttons is-layout-flex wp-block-buttons-is-layout-flex\">\n<div class=\"wp-block-button\"><a class=\"wp-block-button__link wp-element-button\" href=\"https:\/\/test.efsalingsas.com\/index.php\/om-oss\/historia\/\">V\u00e5r historia<\/a><\/div>\n<\/div>\n\n\n\n<h2 class=\"wp-block-heading\">V\u00e5ra grundstenar<\/h2>\n\n\n\n<h3 class=\"wp-block-heading\">H\u00f6rnstenen \u00e4r Jesus Kristus<\/h3>\n\n\n\n<p>Jesus \u00e4r centrum i v\u00e5r tro och gemenskap. Han \u00e4r den enda v\u00e4gen till Gud och det \u00e4r Han som genom oss bygger sin f\u00f6rsamling. Han \u00e4r huvudet och vi \u00e4r lemmar i Hans kropp. Jesus \u00e4r Herre, Fr\u00e4lsare,&nbsp;Herde och mycket mer \u00e4n s\u00e5!<\/p>\n\n\n\n<h3 class=\"wp-block-heading\">Bibeln \u00e4r Guds ord<\/h3>\n\n\n\n<p>Vi tror att Bibeln med Gamla och Nya Testamentet \u00e4r Guds ord som ger en sann bild av Gud och Hans vilja. Vi vill att Bibeln ska vara v\u00e4gledande i kyrklig praxis, l\u00e4ra och etik. Ordet \u00e4r mat f\u00f6r v\u00e5r inre m\u00e4nniska och ger n\u00e4ring till v\u00e5r tro.<\/p>\n\n\n\n<h3 class=\"wp-block-heading\">B\u00f6nen<\/h3>\n\n\n\n<p>Vi vill vara en bedjande f\u00f6rsamling d\u00e5 vi \u00e4r \u00f6vertygade om att b\u00f6nen \u00e4r absolut n\u00f6dv\u00e4ndig f\u00f6r att f\u00f6rsamlingen ska kunna bli det Gud har avsett och f\u00f6r att vi ska kunna uppfatta och f\u00e5 kraft att utf\u00f6ra Hans vilja med oss.<\/p>\n\n\n\n<h3 class=\"wp-block-heading\">Anden<\/h3>\n\n\n\n<p>Vi vill vara en sund karismatisk f\u00f6rsamling d\u00e4r Anden f\u00e5r frihet att verka och d\u00e4r Andens g\u00e5vor kommer till uttryck p\u00e5 ett tryggt s\u00e4tt som bygger upp och utrustar f\u00f6rsamlingen och den enskilda m\u00e4nniskan.<\/p>\n\n\n\n<h3 class=\"wp-block-heading\">Kristi&nbsp;kropp<\/h3>\n\n\n\n<p>Vi vill vara en f\u00f6rsamling f\u00f6r alla folk och alla \u00e5ldrar d\u00e4r varje enskild medlem \u00e4r engagerad, f\u00e5r blomma ut och komma i funktion i sin kallelse och i sina g\u00e5vor.<\/p>\n\n\n\n<h3 class=\"wp-block-heading\">Diakoni<\/h3>\n\n\n\n<p>Vi vill vara en diakonal f\u00f6rsamling som betj\u00e4nar varandra och samh\u00e4llet omkring oss.<\/p>\n\n\n\n<h3 class=\"wp-block-heading\">Evangelisation<\/h3>\n\n\n\n<p>Vi vill vara en f\u00f6rsamling som g\u00e5r ut och delar evangeliet med v\u00e4rme och tydlighet.<\/p>\n\n\n\n<h3 class=\"wp-block-heading\">Mission<\/h3>\n\n\n\n<p>Vi vill vara en f\u00f6rsamling som h\u00e5ller EFS missions-arv levande.<\/p>\n\n\n\n<h3 class=\"wp-block-heading\">Lovs\u00e5ng<\/h3>\n\n\n\n<p>Vi vill vara en lovsjungande f\u00f6rsamling som ger utrymme f\u00f6r lovs\u00e5ng p\u00e5 m\u00e5nga olika s\u00e4tt, s\u00e5v\u00e4l modern som traditionell.<\/p>\n\n\n\n<h3 class=\"wp-block-heading\">Israel<\/h3>\n\n\n\n<p>Vi vill vara en f\u00f6rsamling som v\u00e4lsignar Israel genom b\u00f6n och undervisning&nbsp;om&nbsp;Israels och det judiska folkets betydelse.<\/p>\n\n\n\n<h3 class=\"wp-block-heading\">Frihet<\/h3>\n\n\n\n<p>I egenskap av frist\u00e5ende f\u00f6rsamling inom EFS\/Svenska Kyrkan uppmuntrar vi till frihet i att uttrycka v\u00e5r tro och att respektera varandras olika \u00f6vertygelser. Vi kommer aldrig vara \u00f6verens om allt men \u00f6nskar st\u00e5 enade i det mest centrala.<\/p>\n","protected":false},"excerpt":{"rendered":"<p>Vi \u00e4r en f\u00f6rsamling i centrala Alings\u00e5s som l\u00e4gger stor vikt p\u00e5 sund bibell\u00e4ra &amp; varje individs personliga utveckling.&nbsp;Vi st\u00e5r f\u00f6r Bibelns budskap i sin helhet och tror att Gud har inspirerat varje ord i hela Bibeln genom sin Helige Ande. Vi vill \u00e4ven se att v\u00e5ra medlemmar l\u00e4r sig och v\u00e4xer i sina andliga [&hellip;]<\/p>\n","protected":false},"author":1,"featured_media":0,"parent":0,"menu_order":0,"comment_status":"closed","ping_status":"closed","template":"","meta":{"footnotes":""},"class_list":["post-39","page","type-page","status-publish","hentry"],"_links":{"self":[{"href":"https:\/\/test.efsalingsas.com\/index.php\/wp-json\/wp\/v2\/pages\/39","targetHints":{"allow":["GET"]}}],"collection":[{"href":"https:\/\/test.efsalingsas.com\/index.php\/wp-json\/wp\/v2\/pages"}],"about":[{"href":"https:\/\/test.efsalingsas.com\/index.php\/wp-json\/wp\/v2\/types\/page"}],"author":[{"embeddable":true,"href":"https:\/\/test.efsalingsas.com\/index.php\/wp-json\/wp\/v2\/users\/1"}],"replies":[{"embeddable":true,"href":"https:\/\/test.efsalingsas.com\/index.php\/wp-json\/wp\/v2\/comments?post=39"}],"version-history":[{"count":3,"href":"https:\/\/test.efsalingsas.com\/index.php\/wp-json\/wp\/v2\/pages\/39\/revisions"}],"predecessor-version":[{"id":110,"href":"https:\/\/test.efsalingsas.com\/index.php\/wp-json\/wp\/v2\/pages\/39\/revisions\/110"}],"wp:attachment":[{"href":"https:\/\/test.efsalingsas.com\/index.php\/wp-json\/wp\/v2\/media?parent=39"}],"curies":[{"name":"wp","href":"https:\/\/api.w.org\/{rel}","templated":true}]}}